{"id":6905,"date":"2023-02-23T09:57:12","date_gmt":"2023-02-23T06:57:12","guid":{"rendered":"https:\/\/www.kempro.com.tr\/?page_id=6905"},"modified":"2023-09-13T12:36:43","modified_gmt":"2023-09-13T09:36:43","slug":"kurumsal-1","status":"publish","type":"page","link":"https:\/\/www.kempro.com.tr\/en\/kurumsal-1\/","title":{"rendered":"Kurumsal"},"content":{"rendered":"<div data-elementor-type=\"wp-page\" data-elementor-id=\"6905\" class=\"elementor elementor-6905\">\n\t\t\t\t\t\t\t\t\t<header class=\"elementor-section elementor-top-section elementor-element elementor-element-545f197a elementor-section-full_width elementor-section-height-min-height elementor-section-content-middle elementor-section-height-default elementor-section-items-middle\" data-id=\"545f197a\" data-element_type=\"section\">\n\t\t\t\t\t\t<div class=\"elementor-container elementor-column-gap-no\">\n\t\t\t\t\t<div class=\"elementor-column elementor-col-100 elementor-top-column elementor-element elementor-element-7848b12f\" data-id=\"7848b12f\" data-element_type=\"column\">\n\t\t\t<div class=\"elementor-widget-wrap\">\n\t\t\t\t\t\t\t\t\t<\/div>\n\t\t<\/div>\n\t\t\t\t\t\t\t<\/div>\n\t\t<\/header>\n\t\t\t\t<section class=\"elementor-section elementor-top-section elementor-element elementor-element-2284cdd0 elementor-section-content-middle elementor-section-full_width elementor-section-height-min-height elementor-section-items-stretch elementor-section-height-default\" data-id=\"2284cdd0\" data-element_type=\"section\">\n\t\t\t\t\t\t<div class=\"elementor-container elementor-column-gap-no\">\n\t\t\t\t\t<div class=\"elementor-column elementor-col-50 elementor-top-column elementor-element elementor-element-1b2e4f48\" data-id=\"1b2e4f48\" data-element_type=\"column\">\n\t\t\t<div class=\"elementor-widget-wrap elementor-element-populated\">\n\t\t\t\t\t\t\t\t<div class=\"elementor-element elementor-element-400dc485 elementor-widget elementor-widget-text-editor\" data-id=\"400dc485\" data-element_type=\"widget\" data-widget_type=\"text-editor.default\">\n\t\t\t\t<div class=\"elementor-widget-container\">\n\t\t\t<style>\/*! elementor - v3.11.1 - 15-02-2023 *\/\n.elementor-widget-text-editor.elementor-drop-cap-view-stacked .elementor-drop-cap{background-color:#818a91;color:#fff}.elementor-widget-text-editor.elementor-drop-cap-view-framed .elementor-drop-cap{color:#818a91;border:3px solid;background-color:transparent}.elementor-widget-text-editor:not(.elementor-drop-cap-view-default) .elementor-drop-cap{margin-top:8px}.elementor-widget-text-editor:not(.elementor-drop-cap-view-default) .elementor-drop-cap-letter{width:1em;height:1em}.elementor-widget-text-editor .elementor-drop-cap{float:left;text-align:center;line-height:1;font-size:50px}.elementor-widget-text-editor .elementor-drop-cap-letter{display:inline-block}<\/style>\t\t\t\t<p>Kempro Grup \u015eirketleri olarak; Kempro Kimyasal Maddeler ve D\u0131\u015f Tic. A.\u015e ve Kempropol Kimyasal ve Polimer Maddeler ve San. Tic. A.\u015e firmalar\u0131m\u0131z ile faaliyetlerimizi s\u00fcrd\u00fcrmekteyiz.<br \/>Kempro Kimyasal Maddeler, 1991 y\u0131l\u0131nda y\u00fcksek Kimya M\u00fchendisi Sn. \u00d6mer Saim O\u011fuz taraf\u0131ndan kurulmu\u015f; boya, m\u00fcrekkep, tekstil, plastik, elastomer, ambalaj, kompound, kau\u00e7uk, kablo, yap\u0131\u015ft\u0131r\u0131c\u0131, yap\u0131 kimyasallar\u0131, otomotiv, kozmetik ve g\u0131da sekt\u00f6rlerine y\u00f6nelik olarak 31 y\u0131l\u0131 a\u015fk\u0131n s\u00fcredir hammadde tedari\u011fi yapan distrib\u00fct\u00f6r firmam\u0131z olup, d\u00fcnyaca \u00fcnl\u00fc 35 firman\u0131n T\u00fcrkiye temsilci\u011fini ve distrib\u00fct\u00f6rl\u00fc\u011f\u00fcn\u00fc ba\u015far\u0131 ile y\u00fcr\u00fctmekte ve m\u00fc\u015fterimize an\u0131nda hizmet vermekteyiz.<br \/>1997 y\u0131l\u0131ndan bu yana Kempro alt\u0131nda ger\u00e7ekle\u015ftirdi\u011fimiz \u00fcretim ve ArGe faaliyetlerimizi; 2012 y\u0131l\u0131ndan itibaren Kempropol \u00e7at\u0131s\u0131 alt\u0131nda devam ettirmekteyiz. Kuruldu\u011fu g\u00fcnden bug\u00fcne, durmaks\u0131z\u0131n yo\u011fun ArGe \u00e7al\u0131\u015fmalar\u0131na imza atan firmam\u0131z; 2018 itibariyle de ArGe Merkezi \u00fcnvan\u0131 ile ta\u00e7land\u0131r\u0131lm\u0131\u015ft\u0131r. ArGe ve \u00fcretim faaliyetlerimiz kapsam\u0131nda, Kempropol olarak, \u00f6zellikle \u00fclkemize ithalat yoluyla gelen oto tamir boyalar\u0131, ah\u015fap ve plastik kaplamalar ba\u015fta olmak \u00fczere, t\u00fcm end\u00fcstriyel kaplama uygulamalar\u0131 i\u00e7in termoplastik (1K) ve termoset (2K) akrilik re\u00e7ineler ile doymu\u015f polyester ve poli\u00fcretan re\u00e7ine \u00e7\u00f6z\u00fcmleri sunmaktay\u0131z. <br \/>Yerli teknolojimiz ve bilgi birikimimiz sayesinde t\u00fcm polimerlerimizin \u00f6zelliklerini m\u00fc\u015fterilerimizin ihtiya\u00e7lar\u0131 do\u011frultusunda modifiye ederek, terzi usul\u00fc \u00e7al\u0131\u015farak; \u00fcretim ve uygulamalar\u0131 i\u00e7in en uygun \u00fcr\u00fcnleri laboratuvar ortam\u0131nda etkin \u015fekilde projelendirip, bu projeleri geni\u015f \u00fcretim altyap\u0131m\u0131z ve deneyimimiz sayesinde en uygun \u015fekilde \u00fcreterek m\u00fc\u015fterilerimize \u00e7\u00f6z\u00fcm ve hizmet sunmaktay\u0131z. KROL markam\u0131z ile imal etti\u011fimiz \u00fcr\u00fcnlerimiz arzu edilen ambalajlarda, Tuzla-\u0130stanbul\u2019daki \u00fcretim tesisimizden ve depomuzdan, m\u00fc\u015fterilerimizin talep ettikleri miktarlarda, tam zaman\u0131nda teslim edilmesi prensibi ile alanlar\u0131nda uzman teknik ve sat\u0131\u015f ekibi ile 21 farkl\u0131 sekt\u00f6re hizmet vermekteyiz. <\/p>\t\t\t\t\t\t<\/div>\n\t\t\t\t<\/div>\n\t\t\t\t\t<\/div>\n\t\t<\/div>\n\t\t\t\t<div class=\"elementor-column elementor-col-50 elementor-top-column elementor-element elementor-element-2dc55d3c\" data-id=\"2dc55d3c\" data-element_type=\"column\" data-settings=\"{&quot;background_background&quot;:&quot;classic&quot;}\">\n\t\t\t<div class=\"elementor-widget-wrap elementor-element-populated\">\n\t\t\t\t\t\t\t\t<div class=\"elementor-element elementor-element-123cbb13 elementor-widget elementor-widget-image\" data-id=\"123cbb13\" data-element_type=\"widget\" data-widget_type=\"image.default\">\n\t\t\t\t<div class=\"elementor-widget-container\">\n\t\t\t<style>\/*! elementor - v3.11.1 - 15-02-2023 *\/\n.elementor-widget-image{text-align:center}.elementor-widget-image a{display:inline-block}.elementor-widget-image a img[src$=\".svg\"]{width:48px}.elementor-widget-image img{vertical-align:middle;display:inline-block}<\/style>\t\t\t\t\t\t\t\t\t\t\t\t<img loading=\"lazy\" decoding=\"async\" width=\"1024\" height=\"870\" src=\"https:\/\/www.kempro.com.tr\/wp-content\/uploads\/2022\/10\/logov2-1024x870.png\" class=\"attachment-large size-large wp-image-6645\" alt=\"\" srcset=\"https:\/\/www.kempro.com.tr\/wp-content\/uploads\/2022\/10\/logov2-1024x870.png 1024w, https:\/\/www.kempro.com.tr\/wp-content\/uploads\/2022\/10\/logov2-300x255.png 300w, https:\/\/www.kempro.com.tr\/wp-content\/uploads\/2022\/10\/logov2-768x653.png 768w, https:\/\/www.kempro.com.tr\/wp-content\/uploads\/2022\/10\/logov2.png 1178w\" sizes=\"auto, (max-width: 1024px) 100vw, 1024px\" \/>\t\t\t\t\t\t\t\t\t\t\t\t\t\t\t<\/div>\n\t\t\t\t<\/div>\n\t\t\t\t\t<\/div>\n\t\t<\/div>\n\t\t\t\t\t\t\t<\/div>\n\t\t<\/section>\n\t\t\t\t<section class=\"elementor-section elementor-top-section elementor-element elementor-element-399eb61 elementor-section-content-middle elementor-section-full_width elementor-section-height-min-height elementor-section-items-stretch elementor-section-height-default\" data-id=\"399eb61\" data-element_type=\"section\">\n\t\t\t\t\t\t<div class=\"elementor-container elementor-column-gap-no\">\n\t\t\t\t\t<div class=\"elementor-column elementor-col-50 elementor-top-column elementor-element elementor-element-69d34e1\" data-id=\"69d34e1\" data-element_type=\"column\" data-settings=\"{&quot;background_background&quot;:&quot;classic&quot;}\">\n\t\t\t<div class=\"elementor-widget-wrap elementor-element-populated\">\n\t\t\t\t\t\t\t\t<div class=\"elementor-element elementor-element-0f94952 elementor-widget elementor-widget-image\" data-id=\"0f94952\" data-element_type=\"widget\" data-widget_type=\"image.default\">\n\t\t\t\t<div class=\"elementor-widget-container\">\n\t\t\t\t\t\t\t\t\t\t\t\t\t\t\t<img loading=\"lazy\" decoding=\"async\" width=\"1024\" height=\"870\" src=\"https:\/\/www.kempro.com.tr\/wp-content\/uploads\/2023\/02\/kempropol-1024x870.png\" class=\"attachment-large size-large wp-image-6925\" alt=\"\" srcset=\"https:\/\/www.kempro.com.tr\/wp-content\/uploads\/2023\/02\/kempropol-1024x870.png 1024w, https:\/\/www.kempro.com.tr\/wp-content\/uploads\/2023\/02\/kempropol-300x255.png 300w, https:\/\/www.kempro.com.tr\/wp-content\/uploads\/2023\/02\/kempropol-768x653.png 768w, https:\/\/www.kempro.com.tr\/wp-content\/uploads\/2023\/02\/kempropol-14x12.png 14w, https:\/\/www.kempro.com.tr\/wp-content\/uploads\/2023\/02\/kempropol.png 1178w\" sizes=\"auto, (max-width: 1024px) 100vw, 1024px\" \/>\t\t\t\t\t\t\t\t\t\t\t\t\t\t\t<\/div>\n\t\t\t\t<\/div>\n\t\t\t\t\t<\/div>\n\t\t<\/div>\n\t\t\t\t<div class=\"elementor-column elementor-col-50 elementor-top-column elementor-element elementor-element-914ccf1\" data-id=\"914ccf1\" data-element_type=\"column\">\n\t\t\t<div class=\"elementor-widget-wrap elementor-element-populated\">\n\t\t\t\t\t\t\t\t<div class=\"elementor-element elementor-element-f4d5acb elementor-widget elementor-widget-text-editor\" data-id=\"f4d5acb\" data-element_type=\"widget\" data-widget_type=\"text-editor.default\">\n\t\t\t\t<div class=\"elementor-widget-container\">\n\t\t\t\t\t\t\t<p>Kempropol Kimyasal ve Polimer Maddeler San. ve Tic. A.\u015e. olarak, \u00f6zellikle ithal edilerek \u00fclkemize gelen oto tamir boyalar\u0131, ah\u015fap, plastik ve t\u00fcm end\u00fcstriyel kaplamalar ba\u015fta olmak \u00fczere, m\u00fcrekkep, yap\u0131 kimyasallar\u0131, tekstil, yap\u0131\u015ft\u0131r\u0131c\u0131, ya\u011f ve polimer i\u00e7eren bir\u00e7ok farkl\u0131 uygulama i\u00e7in Termoplastik (1K) Akrilik, Termoset (2K) Akrilik, Doymu\u015f Polyester ve Poli\u00fcretan re\u00e7ine ve polimer \u00e7\u00f6z\u00fcmleri sunmaktay\u0131z.<\/p><p>Yerli teknolojimiz ve bilgi birikimimiz sayesinde t\u00fcm polimerlerimizin \u00f6zelliklerini (OH say\u0131lar\u0131, kat\u0131 madde oranlar\u0131, solvent bile\u015fenleri, Tg de\u011ferleri, vb.), m\u00fc\u015fterilerimizin ihtiya\u00e7lar\u0131 do\u011frultusunda modifiye ederek, laboratuvar ortam\u0131nda en etkin ve uygun \u015fekilde projelendirip, bu projeleri \u00fcretim altyap\u0131m\u0131z sayesinde en uygun y\u00f6ntem ile \u00f6l\u00e7eklendirme (scale up) ve \u00fcretim i\u015flemlerini ger\u00e7ekle\u015ftirmekteyiz.<\/p><p>KROL ad\u0131 ile tescillenmi\u015f \u00fcr\u00fcnlerimiz de\u011fi\u015fik ambalaj boyutlar\u0131nda, \u0130stanbul-Tuzla\u2019daki \u00fcretim tesisimiz ve depomuzda, m\u00fc\u015fterilerimizin ihtiya\u00e7 miktarlar\u0131na g\u00f6re tam zaman\u0131nda (just-in-time) \u00fcretim usul\u00fc ile servis vermekteyiz. Deneyimli ve kalifiye sat\u0131\u015f g\u00fcc\u00fc ile m\u00fc\u015fterilerine geli\u015fen teknoloji ve \u00fcr\u00fcnler hakk\u0131nda do\u011fru bilgiyi sa\u011flamaktad\u0131r.<\/p><p>Kempropol, m\u00fc\u015fterilerinin ihtiyac\u0131 olan \u00f6zel \u00fcretimleri yapabilecek ara\u015ft\u0131rma ve geli\u015ftirme laboratuvar\u0131na, \u00fcretim tesislerine ve teknik ekibe sahiptir. Kempropol istedi\u011finize uygun olarak terzi usul\u00fc; Akrilik Polimer &amp; Kopolimer Sol\u00fcsyonlar\u0131 ve Akrilik Polioller; Solventli, Solventsiz Poli\u00fcretan Re\u00e7ineler; ve Prepolimerler, Su Esasl\u0131 Poli\u00fcretan, Akrilik ve Poli\u00fcretan-Akrilik Hibrit Dispersiyonlar \u00fcretiyoruz. \u00dcr\u00fcnlerimiz; boya, m\u00fcrekkep, ah\u015fap, marin, yap\u0131\u015ft\u0131r\u0131c\u0131, tekstil, ayakkab\u0131, deri, metal, kaplama, izolasyon, otomotiv ve ka\u011f\u0131t sekt\u00f6rlerinde kullan\u0131lmaktad\u0131r.<\/p>\t\t\t\t\t\t<\/div>\n\t\t\t\t<\/div>\n\t\t\t\t\t<\/div>\n\t\t<\/div>\n\t\t\t\t\t\t\t<\/div>\n\t\t<\/section>\n\t\t\t\t<section class=\"elementor-section elementor-top-section elementor-element elementor-element-46a7ba7 elementor-section-content-middle elementor-section-full_width elementor-section-height-default elementor-section-height-default\" data-id=\"46a7ba7\" data-element_type=\"section\">\n\t\t\t\t\t\t<div class=\"elementor-container elementor-column-gap-no\">\n\t\t\t\t\t<div class=\"elementor-column elementor-col-50 elementor-top-column elementor-element elementor-element-63e27745\" data-id=\"63e27745\" data-element_type=\"column\">\n\t\t\t<div class=\"elementor-widget-wrap elementor-element-populated\">\n\t\t\t\t\t\t\t\t<div class=\"elementor-element elementor-element-3cee5200 elementor-widget elementor-widget-heading\" data-id=\"3cee5200\" data-element_type=\"widget\" data-widget_type=\"heading.default\">\n\t\t\t\t<div class=\"elementor-widget-container\">\n\t\t\t<style>\/*! elementor - v3.11.1 - 15-02-2023 *\/\n.elementor-heading-title{padding:0;margin:0;line-height:1}.elementor-widget-heading .elementor-heading-title[class*=elementor-size-]>a{color:inherit;font-size:inherit;line-height:inherit}.elementor-widget-heading .elementor-heading-title.elementor-size-small{font-size:15px}.elementor-widget-heading .elementor-heading-title.elementor-size-medium{font-size:19px}.elementor-widget-heading .elementor-heading-title.elementor-size-large{font-size:29px}.elementor-widget-heading .elementor-heading-title.elementor-size-xl{font-size:39px}.elementor-widget-heading .elementor-heading-title.elementor-size-xxl{font-size:59px}<\/style><h2 class=\"elementor-heading-title elementor-size-default\">M\u0130SYON &amp; V\u0130ZYONUMUZ <br>KAL\u0130TE POL\u0130T\u0130KA VE DE\u011eERLER\u0130M\u0130Z;<\/h2>\t\t<\/div>\n\t\t\t\t<\/div>\n\t\t\t\t<div class=\"elementor-element elementor-element-71a89951 elementor-widget elementor-widget-text-editor\" data-id=\"71a89951\" data-element_type=\"widget\" data-widget_type=\"text-editor.default\">\n\t\t\t\t<div class=\"elementor-widget-container\">\n\t\t\t\t\t\t\t<p>Kimya sekt\u00f6r\u00fcnde m\u00fc\u015fterilerine en h\u0131zl\u0131 ve do\u011fru \u00e7\u00f6z\u00fcmler bulan bir i\u015f orta\u011f\u0131d\u0131r. Genelde Kimyasal Maddelerde, \u00f6zelde Polimer konusunda olmak \u00fczere; m\u00fc\u015fterilerimizin \u00fcretimlerinde i\u015flerini kolayla\u015ft\u0131racak, kalitelerini art\u0131racak ve maliyetlerini d\u00fc\u015f\u00fcrecek, \u00e7\u00f6z\u00fcmler getirmek \u00fczere, ara\u015ft\u0131rma, \u00fcretime uyumla\u015ft\u0131rma, d\u0131\u015f al\u0131m, \u00fcretim ve ihracat faaliyetlerini y\u00fcr\u00fct\u00fcr\u00fcz. \u00c7al\u0131\u015fmalar\u0131m\u0131zda, ana hedeflerimize ula\u015fmak i\u00e7in; i\u00e7 ve d\u0131\u015f m\u00fc\u015fterilerimiz ile, bir tak\u0131m olman\u0131n \u00f6nem ve de\u011ferine inan\u0131r\u0131z. Ara\u015ft\u0131rma, s\u00fcrekli geli\u015fim, \u00fcr\u00fcnlerimizin kalitesine verdi\u011fimiz \u00f6nem, m\u00fc\u015fterilerimizin g\u00fcvenli\u011fi, g\u00fcvenilirlik, insan ve \u00e7evre sa\u011fl\u0131\u011f\u0131, a\u00e7\u0131k ileti\u015fim, h\u0131zl\u0131, zaman\u0131nda ve g\u00fcler y\u00fczl\u00fc hizmet vazge\u00e7meyece\u011fimiz de\u011ferlerimizdir.<\/p>\t\t\t\t\t\t<\/div>\n\t\t\t\t<\/div>\n\t\t\t\t\t<\/div>\n\t\t<\/div>\n\t\t\t\t<div class=\"elementor-column elementor-col-50 elementor-top-column elementor-element elementor-element-569e280c\" data-id=\"569e280c\" data-element_type=\"column\">\n\t\t\t<div class=\"elementor-widget-wrap elementor-element-populated\">\n\t\t\t\t\t\t\t\t<div class=\"elementor-element elementor-element-4183b31 elementor-widget elementor-widget-image\" data-id=\"4183b31\" data-element_type=\"widget\" data-widget_type=\"image.default\">\n\t\t\t\t<div class=\"elementor-widget-container\">\n\t\t\t\t\t\t\t\t\t\t\t\t\t\t\t<img loading=\"lazy\" decoding=\"async\" width=\"1024\" height=\"768\" src=\"https:\/\/www.kempro.com.tr\/wp-content\/uploads\/2022\/10\/pexels-alfin-auzikri-325135-1024x768.jpeg\" class=\"attachment-large size-large wp-image-6297\" alt=\"\" srcset=\"https:\/\/www.kempro.com.tr\/wp-content\/uploads\/2022\/10\/pexels-alfin-auzikri-325135-1024x768.jpeg 1024w, https:\/\/www.kempro.com.tr\/wp-content\/uploads\/2022\/10\/pexels-alfin-auzikri-325135-300x225.jpeg 300w, https:\/\/www.kempro.com.tr\/wp-content\/uploads\/2022\/10\/pexels-alfin-auzikri-325135-768x576.jpeg 768w, https:\/\/www.kempro.com.tr\/wp-content\/uploads\/2022\/10\/pexels-alfin-auzikri-325135-1536x1152.jpeg 1536w, https:\/\/www.kempro.com.tr\/wp-content\/uploads\/2022\/10\/pexels-alfin-auzikri-325135-2048x1536.jpeg 2048w\" sizes=\"auto, (max-width: 1024px) 100vw, 1024px\" \/>\t\t\t\t\t\t\t\t\t\t\t\t\t\t\t<\/div>\n\t\t\t\t<\/div>\n\t\t\t\t\t<\/div>\n\t\t<\/div>\n\t\t\t\t\t\t\t<\/div>\n\t\t<\/section>\n\t\t\t\t<section class=\"elementor-section elementor-top-section elementor-element elementor-element-1015763d elementor-section-content-middle elementor-reverse-tablet elementor-reverse-mobile elementor-section-boxed elementor-section-height-default elementor-section-height-default\" data-id=\"1015763d\" data-element_type=\"section\">\n\t\t\t\t\t\t<div class=\"elementor-container elementor-column-gap-no\">\n\t\t\t\t\t<div class=\"elementor-column elementor-col-100 elementor-top-column elementor-element elementor-element-e5df296\" data-id=\"e5df296\" data-element_type=\"column\">\n\t\t\t<div class=\"elementor-widget-wrap elementor-element-populated\">\n\t\t\t\t\t\t\t\t<div class=\"elementor-element elementor-element-267c7ab9 elementor-widget elementor-widget-heading\" data-id=\"267c7ab9\" data-element_type=\"widget\" data-widget_type=\"heading.default\">\n\t\t\t\t<div class=\"elementor-widget-container\">\n\t\t\t<h3 class=\"elementor-heading-title elementor-size-default\">We know what you need...<\/h3>\t\t<\/div>\n\t\t\t\t<\/div>\n\t\t\t\t\t<\/div>\n\t\t<\/div>\n\t\t\t\t\t\t\t<\/div>\n\t\t<\/section>\n\t\t\t\t\t\t\t<\/div>","protected":false},"excerpt":{"rendered":"<p>Kempro Grup \u015eirketleri olarak; Kempro Kimyasal Maddeler ve D\u0131\u015f Tic. A.\u015e ve Kempropol Kimyasal ve Polimer Maddeler ve San. Tic. A.\u015e firmalar\u0131m\u0131z ile faaliyetlerimizi s\u00fcrd\u00fcrmekteyiz.Kempro Kimyasal Maddeler, 1991 y\u0131l\u0131nda y\u00fcksek Kimya M\u00fchendisi Sn. \u00d6mer Saim O\u011fuz taraf\u0131ndan kurulmu\u015f; boya, m\u00fcrekkep, tekstil, plastik, elastomer, ambalaj, kompound, kau\u00e7uk, kablo, yap\u0131\u015ft\u0131r\u0131c\u0131, yap\u0131 kimyasallar\u0131, otomotiv, kozmetik ve g\u0131da sekt\u00f6rlerine&hellip;<\/p>","protected":false},"author":2,"featured_media":0,"parent":0,"menu_order":0,"comment_status":"closed","ping_status":"closed","template":"","meta":{"footnotes":""},"class_list":["post-6905","page","type-page","status-publish","hentry"],"_links":{"self":[{"href":"https:\/\/www.kempro.com.tr\/en\/wp-json\/wp\/v2\/pages\/6905","targetHints":{"allow":["GET"]}}],"collection":[{"href":"https:\/\/www.kempro.com.tr\/en\/wp-json\/wp\/v2\/pages"}],"about":[{"href":"https:\/\/www.kempro.com.tr\/en\/wp-json\/wp\/v2\/types\/page"}],"author":[{"embeddable":true,"href":"https:\/\/www.kempro.com.tr\/en\/wp-json\/wp\/v2\/users\/2"}],"replies":[{"embeddable":true,"href":"https:\/\/www.kempro.com.tr\/en\/wp-json\/wp\/v2\/comments?post=6905"}],"version-history":[{"count":23,"href":"https:\/\/www.kempro.com.tr\/en\/wp-json\/wp\/v2\/pages\/6905\/revisions"}],"predecessor-version":[{"id":7221,"href":"https:\/\/www.kempro.com.tr\/en\/wp-json\/wp\/v2\/pages\/6905\/revisions\/7221"}],"wp:attachment":[{"href":"https:\/\/www.kempro.com.tr\/en\/wp-json\/wp\/v2\/media?parent=6905"}],"curies":[{"name":"wp","href":"https:\/\/api.w.org\/{rel}","templated":true}]}}