{"id":6277,"date":"2022-10-22T17:01:26","date_gmt":"2022-10-22T14:01:26","guid":{"rendered":"https:\/\/4dmascaras.shop\/?page_id=6277"},"modified":"2022-10-28T17:57:09","modified_gmt":"2022-10-28T14:57:09","slug":"kurumsal","status":"publish","type":"page","link":"https:\/\/www.kempro.com.tr\/en\/kurumsal\/","title":{"rendered":"Kurumsal"},"content":{"rendered":"<div data-elementor-type=\"wp-page\" data-elementor-id=\"6277\" class=\"elementor elementor-6277\">\n\t\t\t\t\t\t\t\t\t<section class=\"elementor-section elementor-top-section elementor-element elementor-element-4baa9f5 elementor-section-full_width elementor-section-stretched elementor-section-height-default elementor-section-height-default\" data-id=\"4baa9f5\" data-element_type=\"section\" data-settings=\"{&quot;stretch_section&quot;:&quot;section-stretched&quot;}\">\n\t\t\t\t\t\t<div class=\"elementor-container elementor-column-gap-default\">\n\t\t\t\t\t<div class=\"elementor-column elementor-col-100 elementor-top-column elementor-element elementor-element-66e9f77\" data-id=\"66e9f77\" data-element_type=\"column\">\n\t\t\t<div class=\"elementor-widget-wrap elementor-element-populated\">\n\t\t\t\t\t\t\t\t<div class=\"elementor-element elementor-element-fc9d8a6 elementor-widget elementor-widget-image\" data-id=\"fc9d8a6\" data-element_type=\"widget\" data-widget_type=\"image.default\">\n\t\t\t\t<div class=\"elementor-widget-container\">\n\t\t\t<style>\/*! elementor - v3.11.1 - 15-02-2023 *\/\n.elementor-widget-image{text-align:center}.elementor-widget-image a{display:inline-block}.elementor-widget-image a img[src$=\".svg\"]{width:48px}.elementor-widget-image img{vertical-align:middle;display:inline-block}<\/style>\t\t\t\t\t\t\t\t\t\t\t\t<img loading=\"lazy\" decoding=\"async\" width=\"2048\" height=\"776\" src=\"https:\/\/www.kempro.com.tr\/wp-content\/uploads\/2022\/10\/kempromaster-1-2048x776.jpg\" class=\"attachment-2048x2048 size-2048x2048 wp-image-6239\" alt=\"\" srcset=\"https:\/\/www.kempro.com.tr\/wp-content\/uploads\/2022\/10\/kempromaster-1-2048x776.jpg 2048w, https:\/\/www.kempro.com.tr\/wp-content\/uploads\/2022\/10\/kempromaster-1-300x114.jpg 300w, https:\/\/www.kempro.com.tr\/wp-content\/uploads\/2022\/10\/kempromaster-1-1024x388.jpg 1024w, https:\/\/www.kempro.com.tr\/wp-content\/uploads\/2022\/10\/kempromaster-1-768x291.jpg 768w, https:\/\/www.kempro.com.tr\/wp-content\/uploads\/2022\/10\/kempromaster-1-1536x582.jpg 1536w\" sizes=\"auto, (max-width: 2048px) 100vw, 2048px\" \/>\t\t\t\t\t\t\t\t\t\t\t\t\t\t\t<\/div>\n\t\t\t\t<\/div>\n\t\t\t\t\t<\/div>\n\t\t<\/div>\n\t\t\t\t\t\t\t<\/div>\n\t\t<\/section>\n\t\t\t\t<section class=\"elementor-section elementor-top-section elementor-element elementor-element-6b14886 elementor-section-boxed elementor-section-height-default elementor-section-height-default\" data-id=\"6b14886\" data-element_type=\"section\">\n\t\t\t\t\t\t<div class=\"elementor-container elementor-column-gap-default\">\n\t\t\t\t\t<div class=\"elementor-column elementor-col-50 elementor-top-column elementor-element elementor-element-61ee328\" data-id=\"61ee328\" data-element_type=\"column\">\n\t\t\t<div class=\"elementor-widget-wrap elementor-element-populated\">\n\t\t\t\t\t\t\t\t<div class=\"elementor-element elementor-element-d602071 elementor-view-default elementor-vertical-align-top elementor-widget elementor-widget-icon-box\" data-id=\"d602071\" data-element_type=\"widget\" data-widget_type=\"icon-box.default\">\n\t\t\t\t<div class=\"elementor-widget-container\">\n\t\t\t<link rel=\"stylesheet\" href=\"https:\/\/www.kempro.com.tr\/wp-content\/uploads\/elementor\/css\/custom-widget-icon-box.min.css?ver=1693856522\">\t\t<div class=\"elementor-icon-box-wrapper\">\n\t\t\t\t\t\t<div class=\"elementor-icon-box-content\">\n\t\t\t\t<h3 class=\"elementor-icon-box-title\">\n\t\t\t\t\t<span  >\n\t\t\t\t\t\tKempro\t\t\t\t\t<\/span>\n\t\t\t\t<\/h3>\n\t\t\t\t\t\t\t\t\t<p class=\"elementor-icon-box-description\">\n\t\t\t\t\t\tKempro Grup \u015eirketleri olarak; Kempro Kimyasal Maddeler ve D\u0131\u015f Tic. A.\u015e ve Kempropol Kimyasal ve Polimer Maddeler ve San. Tic. A.\u015e firmalar\u0131m\u0131z ile faaliyetlerimizi s\u00fcrd\u00fcrmekteyiz.\nKempro Kimyasal Maddeler, 1991 y\u0131l\u0131nda y\u00fcksek Kimya M\u00fchendisi Sn. \u00d6mer Saim O\u011fuz taraf\u0131ndan kurulmu\u015f; boya, m\u00fcrekkep, tekstil, plastik, elastomer, ambalaj, kompound, kau\u00e7uk, kablo, yap\u0131\u015ft\u0131r\u0131c\u0131, yap\u0131 kimyasallar\u0131, otomotiv, kozmetik ve g\u0131da sekt\u00f6rlerine y\u00f6nelik olarak 31 y\u0131l\u0131 a\u015fk\u0131n s\u00fcredir hammadde tedari\u011fi yapan distrib\u00fct\u00f6r firmam\u0131z olup, d\u00fcnyaca \u00fcnl\u00fc 35 firman\u0131n T\u00fcrkiye temsilci\u011fini ve distrib\u00fct\u00f6rl\u00fc\u011f\u00fcn\u00fc ba\u015far\u0131 ile y\u00fcr\u00fctmekte ve m\u00fc\u015fterimize an\u0131nda hizmet vermekteyiz.\n1997 y\u0131l\u0131ndan bu yana Kempro alt\u0131nda ger\u00e7ekle\u015ftirdi\u011fimiz \u00fcretim ve ArGe faaliyetlerimizi; 2012 y\u0131l\u0131ndan itibaren Kempropol \u00e7at\u0131s\u0131 alt\u0131nda devam ettirmekteyiz. Kuruldu\u011fu g\u00fcnden bug\u00fcne, durmaks\u0131z\u0131n yo\u011fun ArGe \u00e7al\u0131\u015fmalar\u0131na imza atan firmam\u0131z; 2018 itibariyle de ArGe Merkezi \u00fcnvan\u0131 ile ta\u00e7land\u0131r\u0131lm\u0131\u015ft\u0131r. ArGe ve \u00fcretim faaliyetlerimiz kapsam\u0131nda, Kempropol olarak, \u00f6zellikle \u00fclkemize ithalat yoluyla gelen oto tamir boyalar\u0131, ah\u015fap ve plastik kaplamalar ba\u015fta olmak \u00fczere, t\u00fcm end\u00fcstriyel kaplama uygulamalar\u0131 i\u00e7in termoplastik (1K) ve termoset (2K) akrilik re\u00e7ineler ile doymu\u015f polyester ve poli\u00fcretan re\u00e7ine \u00e7\u00f6z\u00fcmleri sunmaktay\u0131z. \nYerli teknolojimiz ve bilgi birikimimiz sayesinde t\u00fcm polimerlerimizin \u00f6zelliklerini m\u00fc\u015fterilerimizin ihtiya\u00e7lar\u0131 do\u011frultusunda modifiye ederek, terzi usul\u00fc \u00e7al\u0131\u015farak; \u00fcretim ve uygulamalar\u0131 i\u00e7in en uygun \u00fcr\u00fcnleri laboratuvar ortam\u0131nda etkin \u015fekilde projelendirip, bu projeleri geni\u015f \u00fcretim altyap\u0131m\u0131z ve deneyimimiz sayesinde en uygun \u015fekilde \u00fcreterek m\u00fc\u015fterilerimize \u00e7\u00f6z\u00fcm ve hizmet sunmaktay\u0131z. KROL markam\u0131z ile imal etti\u011fimiz \u00fcr\u00fcnlerimiz arzu edilen ambalajlarda, Tuzla-\u0130stanbul\u2019daki \u00fcretim tesisimizden ve depomuzdan, m\u00fc\u015fterilerimizin talep ettikleri miktarlarda, tam zaman\u0131nda teslim edilmesi prensibi ile alanlar\u0131nda uzman teknik ve sat\u0131\u015f ekibi ile 21 farkl\u0131 sekt\u00f6re hizmet vermekteyiz. \n\t\t\t\t\t<\/p>\n\t\t\t\t\t\t\t<\/div>\n\t\t<\/div>\n\t\t\t\t<\/div>\n\t\t\t\t<\/div>\n\t\t\t\t\t<\/div>\n\t\t<\/div>\n\t\t\t\t<div class=\"elementor-column elementor-col-50 elementor-top-column elementor-element elementor-element-6263c7e\" data-id=\"6263c7e\" data-element_type=\"column\">\n\t\t\t<div class=\"elementor-widget-wrap elementor-element-populated\">\n\t\t\t\t\t\t\t\t<div class=\"elementor-element elementor-element-ab64758 elementor-view-default elementor-vertical-align-top elementor-widget elementor-widget-icon-box\" data-id=\"ab64758\" data-element_type=\"widget\" data-widget_type=\"icon-box.default\">\n\t\t\t\t<div class=\"elementor-widget-container\">\n\t\t\t\t\t<div class=\"elementor-icon-box-wrapper\">\n\t\t\t\t\t\t<div class=\"elementor-icon-box-content\">\n\t\t\t\t<h3 class=\"elementor-icon-box-title\">\n\t\t\t\t\t<span  >\n\t\t\t\t\t\tKempropol\t\t\t\t\t<\/span>\n\t\t\t\t<\/h3>\n\t\t\t\t\t\t\t\t\t<p class=\"elementor-icon-box-description\">\n\t\t\t\t\t\tKempropol Kimyasal ve Polimer Maddeler San. ve Tic. A.\u015e. olarak, \u00f6zellikle ithal edilerek \u00fclkemize gelen oto tamir boyalar\u0131, ah\u015fap, plastik ve t\u00fcm end\u00fcstriyel kaplamalar ba\u015fta olmak \u00fczere, m\u00fcrekkep, yap\u0131 kimyasallar\u0131, tekstil, yap\u0131\u015ft\u0131r\u0131c\u0131, ya\u011f ve polimer i\u00e7eren bir\u00e7ok farkl\u0131 uygulama i\u00e7in Termoplastik (1K) Akrilik, Termoset (2K) Akrilik, Doymu\u015f Polyester ve Poli\u00fcretan re\u00e7ine ve polimer \u00e7\u00f6z\u00fcmleri sunmaktay\u0131z. \n\nYerli teknolojimiz ve bilgi birikimimiz sayesinde t\u00fcm polimerlerimizin \u00f6zelliklerini (OH say\u0131lar\u0131, kat\u0131 madde oranlar\u0131, solvent bile\u015fenleri, Tg de\u011ferleri, vb.), m\u00fc\u015fterilerimizin ihtiya\u00e7lar\u0131 do\u011frultusunda modifiye ederek, laboratuvar ortam\u0131nda en etkin ve uygun \u015fekilde projelendirip, bu projeleri \u00fcretim altyap\u0131m\u0131z sayesinde en uygun y\u00f6ntem ile \u00f6l\u00e7eklendirme (scale up) ve \u00fcretim i\u015flemlerini ger\u00e7ekle\u015ftirmekteyiz. \n\nKROL ad\u0131 ile tescillenmi\u015f \u00fcr\u00fcnlerimiz de\u011fi\u015fik ambalaj boyutlar\u0131nda, \u0130stanbul-Tuzla\u2019daki \u00fcretim tesisimiz ve depomuzda, m\u00fc\u015fterilerimizin ihtiya\u00e7 miktarlar\u0131na g\u00f6re tam zaman\u0131nda (just-in-time) \u00fcretim usul\u00fc ile servis vermekteyiz. Deneyimli ve kalifiye sat\u0131\u015f g\u00fcc\u00fc ile m\u00fc\u015fterilerine geli\u015fen teknoloji ve \u00fcr\u00fcnler hakk\u0131nda do\u011fru bilgiyi sa\u011flamaktad\u0131r. \n\nKempropol, m\u00fc\u015fterilerinin ihtiyac\u0131 olan \u00f6zel \u00fcretimleri yapabilecek ara\u015ft\u0131rma ve geli\u015ftirme laboratuvar\u0131na, \u00fcretim tesislerine ve teknik ekibe sahiptir. Kempropol istedi\u011finize uygun olarak terzi usul\u00fc; Akrilik Polimer & Kopolimer Sol\u00fcsyonlar\u0131 ve Akrilik Polioller; Solventli, Solventsiz Poli\u00fcretan Re\u00e7ineler; ve Prepolimerler, Su Esasl\u0131 Poli\u00fcretan, Akrilik ve Poli\u00fcretan-Akrilik Hibrit Dispersiyonlar \u00fcretiyoruz. \u00dcr\u00fcnlerimiz; boya, m\u00fcrekkep, ah\u015fap, marin, yap\u0131\u015ft\u0131r\u0131c\u0131, tekstil, ayakkab\u0131, deri, metal, kaplama, izolasyon, otomotiv ve ka\u011f\u0131t sekt\u00f6rlerinde kullan\u0131lmaktad\u0131r.\n\t\t\t\t\t<\/p>\n\t\t\t\t\t\t\t<\/div>\n\t\t<\/div>\n\t\t\t\t<\/div>\n\t\t\t\t<\/div>\n\t\t\t\t\t<\/div>\n\t\t<\/div>\n\t\t\t\t\t\t\t<\/div>\n\t\t<\/section>\n\t\t\t\t<section class=\"elementor-section elementor-top-section elementor-element elementor-element-17281a9 elementor-section-boxed elementor-section-height-default elementor-section-height-default\" data-id=\"17281a9\" data-element_type=\"section\">\n\t\t\t\t\t\t<div class=\"elementor-container elementor-column-gap-default\">\n\t\t\t\t\t<div class=\"elementor-column elementor-col-50 elementor-top-column elementor-element elementor-element-81c854f\" data-id=\"81c854f\" data-element_type=\"column\">\n\t\t\t<div class=\"elementor-widget-wrap elementor-element-populated\">\n\t\t\t\t\t\t\t\t<div class=\"elementor-element elementor-element-8384360 elementor-widget elementor-widget-image\" data-id=\"8384360\" data-element_type=\"widget\" data-widget_type=\"image.default\">\n\t\t\t\t<div class=\"elementor-widget-container\">\n\t\t\t\t\t\t\t\t\t\t\t\t\t\t\t<img loading=\"lazy\" decoding=\"async\" width=\"1024\" height=\"768\" src=\"https:\/\/www.kempro.com.tr\/wp-content\/uploads\/2022\/10\/pexels-alfin-auzikri-325135-1024x768.jpeg\" class=\"attachment-large size-large wp-image-6297\" alt=\"\" srcset=\"https:\/\/www.kempro.com.tr\/wp-content\/uploads\/2022\/10\/pexels-alfin-auzikri-325135-1024x768.jpeg 1024w, https:\/\/www.kempro.com.tr\/wp-content\/uploads\/2022\/10\/pexels-alfin-auzikri-325135-300x225.jpeg 300w, https:\/\/www.kempro.com.tr\/wp-content\/uploads\/2022\/10\/pexels-alfin-auzikri-325135-768x576.jpeg 768w, https:\/\/www.kempro.com.tr\/wp-content\/uploads\/2022\/10\/pexels-alfin-auzikri-325135-1536x1152.jpeg 1536w, https:\/\/www.kempro.com.tr\/wp-content\/uploads\/2022\/10\/pexels-alfin-auzikri-325135-2048x1536.jpeg 2048w\" sizes=\"auto, (max-width: 1024px) 100vw, 1024px\" \/>\t\t\t\t\t\t\t\t\t\t\t\t\t\t\t<\/div>\n\t\t\t\t<\/div>\n\t\t\t\t\t<\/div>\n\t\t<\/div>\n\t\t\t\t<div class=\"elementor-column elementor-col-50 elementor-top-column elementor-element elementor-element-6ae6db6\" data-id=\"6ae6db6\" data-element_type=\"column\">\n\t\t\t<div class=\"elementor-widget-wrap elementor-element-populated\">\n\t\t\t\t\t\t\t\t<div class=\"elementor-element elementor-element-c9dbae0 elementor-view-default elementor-vertical-align-top elementor-widget elementor-widget-icon-box\" data-id=\"c9dbae0\" data-element_type=\"widget\" data-widget_type=\"icon-box.default\">\n\t\t\t\t<div class=\"elementor-widget-container\">\n\t\t\t\t\t<div class=\"elementor-icon-box-wrapper\">\n\t\t\t\t\t\t<div class=\"elementor-icon-box-content\">\n\t\t\t\t<h3 class=\"elementor-icon-box-title\">\n\t\t\t\t\t<span  >\n\t\t\t\t\t\tM\u0130SYON & V\u0130ZYON <br>AFDAKAL\u0130TE POL\u0130T\u0130KAMIZ, M\u0130SYONUMUZ, V\u0130ZYONUMUZ VE DE\u011eERLER\u0130M\u0130Z;\u2028\t\t\t\t\t<\/span>\n\t\t\t\t<\/h3>\n\t\t\t\t\t\t\t\t\t<p class=\"elementor-icon-box-description\">\n\t\t\t\t\t\t<br>Kimya sekt\u00f6r\u00fcnde m\u00fc\u015fterilerine en h\u0131zl\u0131 ve do\u011fru \u00e7\u00f6z\u00fcmler bulan bir i\u015f orta\u011f\u0131d\u0131r. Genelde Kimyasal Maddelerde, \u00f6zelde Polimer konusunda olmak \u00fczere; m\u00fc\u015fterilerimizin \u00fcretimlerinde i\u015flerini kolayla\u015ft\u0131racak, kalitelerini art\u0131racak ve maliyetlerini d\u00fc\u015f\u00fcrecek, \u00e7\u00f6z\u00fcmler getirmek \u00fczere, ara\u015ft\u0131rma, \u00fcretime uyumla\u015ft\u0131rma, d\u0131\u015f al\u0131m, \u00fcretim ve ihracat faaliyetlerini y\u00fcr\u00fct\u00fcr\u00fcz. \u00c7al\u0131\u015fmalar\u0131m\u0131zda, ana hedeflerimize ula\u015fmak i\u00e7in; i\u00e7 ve d\u0131\u015f m\u00fc\u015fterilerimiz ile, bir tak\u0131m olman\u0131n \u00f6nem ve de\u011ferine inan\u0131r\u0131z.\u2028\u2028Ara\u015ft\u0131rma, s\u00fcrekli geli\u015fim, \u00fcr\u00fcnlerimizin kalitesine verdi\u011fimiz \u00f6nem, m\u00fc\u015fterilerimizin g\u00fcvenli\u011fi, g\u00fcvenilirlik, insan ve \u00e7evre sa\u011fl\u0131\u011f\u0131, a\u00e7\u0131k ileti\u015fim, h\u0131zl\u0131, zaman\u0131nda ve g\u00fcler y\u00fczl\u00fc hizmet vazge\u00e7meyece\u011fimiz de\u011ferlerimizdir.\t\t\t\t\t<\/p>\n\t\t\t\t\t\t\t<\/div>\n\t\t<\/div>\n\t\t\t\t<\/div>\n\t\t\t\t<\/div>\n\t\t\t\t\t<\/div>\n\t\t<\/div>\n\t\t\t\t\t\t\t<\/div>\n\t\t<\/section>\n\t\t\t\t\t\t\t<\/div>","protected":false},"excerpt":{"rendered":"<p>Kempro Kempro Grup \u015eirketleri olarak; Kempro Kimyasal Maddeler ve D\u0131\u015f Tic. A.\u015e ve Kempropol Kimyasal ve Polimer Maddeler ve San. Tic. A.\u015e firmalar\u0131m\u0131z ile faaliyetlerimizi s\u00fcrd\u00fcrmekteyiz. Kempro Kimyasal Maddeler, 1991 y\u0131l\u0131nda y\u00fcksek Kimya M\u00fchendisi Sn. \u00d6mer Saim O\u011fuz taraf\u0131ndan kurulmu\u015f; boya, m\u00fcrekkep, tekstil, plastik, elastomer, ambalaj, kompound, kau\u00e7uk, kablo, yap\u0131\u015ft\u0131r\u0131c\u0131, yap\u0131 kimyasallar\u0131, otomotiv, kozmetik ve&hellip;<\/p>","protected":false},"author":5,"featured_media":6239,"parent":0,"menu_order":3,"comment_status":"closed","ping_status":"closed","template":"","meta":{"footnotes":""},"class_list":["post-6277","page","type-page","status-publish","has-post-thumbnail","hentry"],"_links":{"self":[{"href":"https:\/\/www.kempro.com.tr\/en\/wp-json\/wp\/v2\/pages\/6277","targetHints":{"allow":["GET"]}}],"collection":[{"href":"https:\/\/www.kempro.com.tr\/en\/wp-json\/wp\/v2\/pages"}],"about":[{"href":"https:\/\/www.kempro.com.tr\/en\/wp-json\/wp\/v2\/types\/page"}],"author":[{"embeddable":true,"href":"https:\/\/www.kempro.com.tr\/en\/wp-json\/wp\/v2\/users\/5"}],"replies":[{"embeddable":true,"href":"https:\/\/www.kempro.com.tr\/en\/wp-json\/wp\/v2\/comments?post=6277"}],"version-history":[{"count":23,"href":"https:\/\/www.kempro.com.tr\/en\/wp-json\/wp\/v2\/pages\/6277\/revisions"}],"predecessor-version":[{"id":6655,"href":"https:\/\/www.kempro.com.tr\/en\/wp-json\/wp\/v2\/pages\/6277\/revisions\/6655"}],"wp:featuredmedia":[{"embeddable":true,"href":"https:\/\/www.kempro.com.tr\/en\/wp-json\/wp\/v2\/media\/6239"}],"wp:attachment":[{"href":"https:\/\/www.kempro.com.tr\/en\/wp-json\/wp\/v2\/media?parent=6277"}],"curies":[{"name":"wp","href":"https:\/\/api.w.org\/{rel}","templated":true}]}}